{"id":240,"date":"2021-09-23T09:37:16","date_gmt":"2021-09-23T06:37:16","guid":{"rendered":"https:\/\/preprod-fervex-ro.krealid.com\/ro\/?page_id=240"},"modified":"2022-02-10T09:43:46","modified_gmt":"2022-02-10T07:43:46","slug":"quiz","status":"publish","type":"page","link":"https:\/\/preprod-fervex-ro.krealid.com\/ro\/quiz\/","title":{"rendered":"Quiz"},"content":{"rendered":"\t\t<div data-elementor-type=\"wp-page\" data-elementor-id=\"240\" class=\"elementor elementor-240\">\n\t\t\t\t\t\t\t\t\t<section class=\"elementor-section elementor-top-section elementor-element elementor-element-d597bc0 elementor-section-full_width elementor-section-height-default elementor-section-height-default\" data-id=\"d597bc0\" data-element_type=\"section\">\n\t\t\t\t\t\t<div class=\"elementor-container elementor-column-gap-default\">\n\t\t\t\t\t<div class=\"elementor-column elementor-col-100 elementor-top-column elementor-element elementor-element-fa450eb\" data-id=\"fa450eb\" data-element_type=\"column\">\n\t\t\t<div class=\"elementor-widget-wrap elementor-element-populated\">\n\t\t\t\t\t\t\t\t<div class=\"elementor-element elementor-element-9d47c56 elementor-widget elementor-widget-shortcode\" data-id=\"9d47c56\" data-element_type=\"widget\" data-widget_type=\"shortcode.default\">\n\t\t\t\t<div class=\"elementor-widget-container\">\n\t\t\t\t\t<div class=\"elementor-shortcode\">\n<div class=\"quiz\">\n\n  \n    <div class=\"quiz__card\">\n      <div class=\"quiz__card__img\">\n        <img decoding=\"async\" src=\"https:\/\/preprod-fervex-ro.krealid.com\/ro\/wp-content\/uploads\/2021\/09\/Fever.png\" alt=\"Ai febr\u0103?\">\n      <\/div>\n      <div class=\"quiz__card__bloc\">\n        <div class=\"quiz__card__bloc__nb\">\n          01.        <\/div>\n        <div class=\"quiz__card__bloc__question\">\n          Ai febr\u0103?        <\/div>\n        <div class=\"quiz__card__bloc__bloc-answers-comment\">\n          <div class=\"quiz__card__bloc__bloc-answers-comment__answers\">\n            <div class=\"quiz__card__bloc__bloc-answers-comment__answers__answer\" onclick=\"changeAnswer('fever','y',true)\" id=\"answer-fever-y\">\n              da\n            <\/div>\n            <div class=\"quiz__card__bloc__bloc-answers-comment__answers__answer\" onclick=\"changeAnswer('fever','n',false)\" id=\"answer-fever-n\">\n              nu\n            <\/div>\n          <\/div>\n          <div class=\"quiz__card__bloc__bloc-answers-comment__comment\">\n            (peste 38\u00b0C)          <\/div>\n        <\/div>\n      <\/div>\n    <\/div>\n\n  \n    <div class=\"quiz__card\">\n      <div class=\"quiz__card__img\">\n        <img decoding=\"async\" src=\"https:\/\/preprod-fervex-ro.krealid.com\/ro\/wp-content\/uploads\/2021\/09\/Muscle-pain.png\" alt=\"Ai dureri musculare?\">\n      <\/div>\n      <div class=\"quiz__card__bloc\">\n        <div class=\"quiz__card__bloc__nb\">\n          02.        <\/div>\n        <div class=\"quiz__card__bloc__question\">\n          Ai dureri musculare?        <\/div>\n        <div class=\"quiz__card__bloc__bloc-answers-comment\">\n          <div class=\"quiz__card__bloc__bloc-answers-comment__answers\">\n            <div class=\"quiz__card__bloc__bloc-answers-comment__answers__answer\" onclick=\"changeAnswer('bodyaches','y',true)\" id=\"answer-bodyaches-y\">\n              da\n            <\/div>\n            <div class=\"quiz__card__bloc__bloc-answers-comment__answers__answer\" onclick=\"changeAnswer('bodyaches','n',false)\" id=\"answer-bodyaches-n\">\n              nu\n            <\/div>\n          <\/div>\n          <div class=\"quiz__card__bloc__bloc-answers-comment__comment\">\n                      <\/div>\n        <\/div>\n      <\/div>\n    <\/div>\n\n  \n    <div class=\"quiz__card\">\n      <div class=\"quiz__card__img\">\n        <img decoding=\"async\" src=\"https:\/\/preprod-fervex-ro.krealid.com\/ro\/wp-content\/uploads\/2021\/09\/Fatigue.png\" alt=\"Ai senza\u021bie de oboseal\u0103?\">\n      <\/div>\n      <div class=\"quiz__card__bloc\">\n        <div class=\"quiz__card__bloc__nb\">\n          03.        <\/div>\n        <div class=\"quiz__card__bloc__question\">\n          Ai senza\u021bie de oboseal\u0103?        <\/div>\n        <div class=\"quiz__card__bloc__bloc-answers-comment\">\n          <div class=\"quiz__card__bloc__bloc-answers-comment__answers\">\n            <div class=\"quiz__card__bloc__bloc-answers-comment__answers__answer\" onclick=\"changeAnswer('fatigue','y',true)\" id=\"answer-fatigue-y\">\n              da\n            <\/div>\n            <div class=\"quiz__card__bloc__bloc-answers-comment__answers__answer\" onclick=\"changeAnswer('fatigue','n',false)\" id=\"answer-fatigue-n\">\n              nu\n            <\/div>\n          <\/div>\n          <div class=\"quiz__card__bloc__bloc-answers-comment__comment\">\n                      <\/div>\n        <\/div>\n      <\/div>\n    <\/div>\n\n  \n    <div class=\"quiz__card\">\n      <div class=\"quiz__card__img\">\n        <img decoding=\"async\" src=\"https:\/\/preprod-fervex-ro.krealid.com\/ro\/wp-content\/uploads\/2021\/09\/Runny-nose.png\" alt=\"\u00ce\u021bi curge nasul?\">\n      <\/div>\n      <div class=\"quiz__card__bloc\">\n        <div class=\"quiz__card__bloc__nb\">\n          04.        <\/div>\n        <div class=\"quiz__card__bloc__question\">\n          \u00ce\u021bi curge nasul?        <\/div>\n        <div class=\"quiz__card__bloc__bloc-answers-comment\">\n          <div class=\"quiz__card__bloc__bloc-answers-comment__answers\">\n            <div class=\"quiz__card__bloc__bloc-answers-comment__answers__answer\" onclick=\"changeAnswer('runnynose','y',true)\" id=\"answer-runnynose-y\">\n              da\n            <\/div>\n            <div class=\"quiz__card__bloc__bloc-answers-comment__answers__answer\" onclick=\"changeAnswer('runnynose','n',false)\" id=\"answer-runnynose-n\">\n              nu\n            <\/div>\n          <\/div>\n          <div class=\"quiz__card__bloc__bloc-answers-comment__comment\">\n                      <\/div>\n        <\/div>\n      <\/div>\n    <\/div>\n\n  \n    <div class=\"quiz__card\">\n      <div class=\"quiz__card__img\">\n        <img decoding=\"async\" src=\"https:\/\/preprod-fervex-ro.krealid.com\/ro\/wp-content\/uploads\/2021\/09\/Headache.png\" alt=\"Ai dureri de cap?\">\n      <\/div>\n      <div class=\"quiz__card__bloc\">\n        <div class=\"quiz__card__bloc__nb\">\n          05.        <\/div>\n        <div class=\"quiz__card__bloc__question\">\n          Ai dureri de cap?        <\/div>\n        <div class=\"quiz__card__bloc__bloc-answers-comment\">\n          <div class=\"quiz__card__bloc__bloc-answers-comment__answers\">\n            <div class=\"quiz__card__bloc__bloc-answers-comment__answers__answer\" onclick=\"changeAnswer('headache','y',true)\" id=\"answer-headache-y\">\n              da\n            <\/div>\n            <div class=\"quiz__card__bloc__bloc-answers-comment__answers__answer\" onclick=\"changeAnswer('headache','n',false)\" id=\"answer-headache-n\">\n              nu\n            <\/div>\n          <\/div>\n          <div class=\"quiz__card__bloc__bloc-answers-comment__comment\">\n                      <\/div>\n        <\/div>\n      <\/div>\n    <\/div>\n\n  \n<\/div>\n\n<script type=\"text\/javascript\">\n  var fever = null\n  var bodyaches = null\n  var fatigue = null\n  var runnynose = null\n  var headache = null\n  function changeAnswer(question,answer,bool){\n    jQuery(\"#answer-\"+question+\"-y\").removeClass(\"quiz__card__bloc__bloc-answers-comment__answers__answer__selected\")\n    jQuery(\"#answer-\"+question+\"-n\").removeClass(\"quiz__card__bloc__bloc-answers-comment__answers__answer__selected\")\n    jQuery(\"#answer-\"+question+\"-\"+answer).addClass(\"quiz__card__bloc__bloc-answers-comment__answers__answer__selected\")\n    window[question] = bool\n    if(fever!=null && bodyaches!=null && fatigue!=null && runnynose!=null && headache!=null){\n      jQuery(\"#btn-quiz\").removeClass(\"quiz-not-finished\")\n    }\n  }\n\n  function validateQuiz(){\n    let ptsCold = 0;\n    let ptsFlu = 0;\n    if(fever!=null && bodyaches!=null && fatigue!=null && runnynose!=null && headache!=null){\n      if(fever==true){\n        ptsFlu++\n      }else{\n        ptsCold++\n      }\n      if(bodyaches==true){\n        ptsFlu++\n      }else{\n        ptsCold++\n      }\n      if(fatigue==true){\n        ptsFlu++\n      }else{\n        ptsCold++\n      }\n      if(runnynose==false){\n        ptsFlu++\n      }else{\n        ptsCold++\n      }\n      if(headache==true){\n        ptsFlu++\n      }else{\n        ptsCold++\n      }\n\n      if(ptsFlu>ptsCold){\n        \/\/vers flu\n        window.location.href = \"https:\/\/preprod-fervex-ro.krealid.com\/ro\/gripa\"\n      }else{\n        \/\/vers cold\n        window.location.href = \"https:\/\/preprod-fervex-ro.krealid.com\/ro\/raceala\"\n      }\n    }\n  }\n<\/script>\n<\/div>\n\t\t\t\t<\/div>\n\t\t\t\t<\/div>\n\t\t\t\t<div class=\"elementor-element elementor-element-eb64f07 elementor-widget elementor-widget-html\" data-id=\"eb64f07\" data-element_type=\"widget\" data-widget_type=\"html.default\">\n\t\t\t\t<div class=\"elementor-widget-container\">\n\t\t\t<div id=\"btn-quiz\" class=\"quiz-not-finished\" onclick=\"validateQuiz()\">Vezi rezultatele<\/div>\t\t<\/div>\n\t\t\t\t<\/div>\n\t\t\t\t\t<\/div>\n\t\t<\/div>\n\t\t\t\t\t\t\t<\/div>\n\t\t<\/section>\n\t\t\t\t\t\t\t<\/div>\n\t\t","protected":false},"excerpt":{"rendered":"<p>Vezi rezultatele<\/p>\n","protected":false},"author":1,"featured_media":0,"parent":0,"menu_order":0,"comment_status":"closed","ping_status":"closed","template":"templates\/quiz.php","meta":{"inline_featured_image":false,"footnotes":""},"class_list":["post-240","page","type-page","status-publish","hentry"],"acf":[],"yoast_head":"<!-- This site is optimized with the Yoast SEO plugin v20.7 - https:\/\/yoast.com\/wordpress\/plugins\/seo\/ -->\n<title>Quiz - UPSA Fervex<\/title>\n<meta name=\"description\" content=\"R\u0103ceal\u0103 sau Grip\u0103? Po\u021bi face testul pentru a afla.\" \/>\n<meta name=\"robots\" content=\"index, follow, max-snippet:-1, max-image-preview:large, max-video-preview:-1\" \/>\n<link rel=\"canonical\" href=\"https:\/\/preprod-fervex-ro.krealid.com\/ro\/quiz\/\" \/>\n<meta property=\"og:locale\" content=\"ro_RO\" \/>\n<meta property=\"og:type\" content=\"article\" \/>\n<meta property=\"og:title\" content=\"Quiz - UPSA Fervex\" \/>\n<meta property=\"og:description\" content=\"R\u0103ceal\u0103 sau Grip\u0103? Po\u021bi face testul pentru a afla.\" \/>\n<meta property=\"og:url\" content=\"https:\/\/preprod-fervex-ro.krealid.com\/ro\/quiz\/\" \/>\n<meta property=\"og:site_name\" content=\"UPSA Fervex\" \/>\n<meta property=\"article:modified_time\" content=\"2022-02-10T07:43:46+00:00\" \/>\n<meta name=\"twitter:card\" content=\"summary_large_image\" \/>\n<meta name=\"twitter:label1\" content=\"Timp estimat pentru citire\" \/>\n\t<meta name=\"twitter:data1\" content=\"1 minut\" \/>\n<!-- \/ Yoast SEO plugin. -->","yoast_head_json":{"title":"Quiz - UPSA Fervex","description":"R\u0103ceal\u0103 sau Grip\u0103? Po\u021bi face testul pentru a afla.","robots":{"index":"index","follow":"follow","max-snippet":"max-snippet:-1","max-image-preview":"max-image-preview:large","max-video-preview":"max-video-preview:-1"},"canonical":"https:\/\/preprod-fervex-ro.krealid.com\/ro\/quiz\/","og_locale":"ro_RO","og_type":"article","og_title":"Quiz - UPSA Fervex","og_description":"R\u0103ceal\u0103 sau Grip\u0103? Po\u021bi face testul pentru a afla.","og_url":"https:\/\/preprod-fervex-ro.krealid.com\/ro\/quiz\/","og_site_name":"UPSA Fervex","article_modified_time":"2022-02-10T07:43:46+00:00","twitter_card":"summary_large_image","twitter_misc":{"Timp estimat pentru citire":"1 minut"},"schema":{"@context":"https:\/\/schema.org","@graph":[{"@type":"WebPage","@id":"https:\/\/preprod-fervex-ro.krealid.com\/ro\/quiz\/","url":"https:\/\/preprod-fervex-ro.krealid.com\/ro\/quiz\/","name":"Quiz - UPSA Fervex","isPartOf":{"@id":"https:\/\/preprod-fervex-ro.krealid.com\/ro\/#website"},"datePublished":"2021-09-23T06:37:16+00:00","dateModified":"2022-02-10T07:43:46+00:00","description":"R\u0103ceal\u0103 sau Grip\u0103? Po\u021bi face testul pentru a afla.","breadcrumb":{"@id":"https:\/\/preprod-fervex-ro.krealid.com\/ro\/quiz\/#breadcrumb"},"inLanguage":"ro-RO","potentialAction":[{"@type":"ReadAction","target":["https:\/\/preprod-fervex-ro.krealid.com\/ro\/quiz\/"]}]},{"@type":"BreadcrumbList","@id":"https:\/\/preprod-fervex-ro.krealid.com\/ro\/quiz\/#breadcrumb","itemListElement":[{"@type":"ListItem","position":1,"name":"Accueil","item":"https:\/\/preprod-fervex-ro.krealid.com\/ro\/"},{"@type":"ListItem","position":2,"name":"Quiz"}]},{"@type":"WebSite","@id":"https:\/\/preprod-fervex-ro.krealid.com\/ro\/#website","url":"https:\/\/preprod-fervex-ro.krealid.com\/ro\/","name":"UPSA Fervex","description":"","publisher":{"@id":"https:\/\/preprod-fervex-ro.krealid.com\/ro\/#organization"},"potentialAction":[{"@type":"SearchAction","target":{"@type":"EntryPoint","urlTemplate":"https:\/\/preprod-fervex-ro.krealid.com\/ro\/?s={search_term_string}"},"query-input":"required name=search_term_string"}],"inLanguage":"ro-RO"},{"@type":"Organization","@id":"https:\/\/preprod-fervex-ro.krealid.com\/ro\/#organization","name":"UPSA","url":"https:\/\/preprod-fervex-ro.krealid.com\/ro\/","logo":{"@type":"ImageObject","inLanguage":"ro-RO","@id":"https:\/\/preprod-fervex-ro.krealid.com\/ro\/#\/schema\/logo\/image\/","url":"https:\/\/preprod-fervex-ro.krealid.com\/ro\/wp-content\/uploads\/2021\/10\/logo.png","contentUrl":"https:\/\/preprod-fervex-ro.krealid.com\/ro\/wp-content\/uploads\/2021\/10\/logo.png","width":153,"height":53,"caption":"UPSA"},"image":{"@id":"https:\/\/preprod-fervex-ro.krealid.com\/ro\/#\/schema\/logo\/image\/"}}]}},"_links":{"self":[{"href":"https:\/\/preprod-fervex-ro.krealid.com\/ro\/wp-json\/wp\/v2\/pages\/240","targetHints":{"allow":["GET"]}}],"collection":[{"href":"https:\/\/preprod-fervex-ro.krealid.com\/ro\/wp-json\/wp\/v2\/pages"}],"about":[{"href":"https:\/\/preprod-fervex-ro.krealid.com\/ro\/wp-json\/wp\/v2\/types\/page"}],"author":[{"embeddable":true,"href":"https:\/\/preprod-fervex-ro.krealid.com\/ro\/wp-json\/wp\/v2\/users\/1"}],"replies":[{"embeddable":true,"href":"https:\/\/preprod-fervex-ro.krealid.com\/ro\/wp-json\/wp\/v2\/comments?post=240"}],"version-history":[{"count":50,"href":"https:\/\/preprod-fervex-ro.krealid.com\/ro\/wp-json\/wp\/v2\/pages\/240\/revisions"}],"predecessor-version":[{"id":1756,"href":"https:\/\/preprod-fervex-ro.krealid.com\/ro\/wp-json\/wp\/v2\/pages\/240\/revisions\/1756"}],"wp:attachment":[{"href":"https:\/\/preprod-fervex-ro.krealid.com\/ro\/wp-json\/wp\/v2\/media?parent=240"}],"curies":[{"name":"wp","href":"https:\/\/api.w.org\/{rel}","templated":true}]}}