{"id":504,"date":"2021-09-24T09:26:33","date_gmt":"2021-09-24T07:26:33","guid":{"rendered":"https:\/\/preprod-fervex-ro.krealid.com\/ro\/?page_id=504"},"modified":"2022-02-28T11:02:23","modified_gmt":"2022-02-28T09:02:23","slug":"cine-suntem","status":"publish","type":"page","link":"https:\/\/preprod-fervex-ro.krealid.com\/ro\/cine-suntem\/","title":{"rendered":"Cine suntem"},"content":{"rendered":"\t\t<div data-elementor-type=\"wp-page\" data-elementor-id=\"504\" class=\"elementor elementor-504\">\n\t\t\t\t\t\t\t\t\t<section class=\"elementor-section elementor-top-section elementor-element elementor-element-73fb9e1 elementor-section-full_width nomarginbottomelementor elementor-section-height-default elementor-section-height-default\" data-id=\"73fb9e1\" data-element_type=\"section\" data-settings=\"{&quot;background_background&quot;:&quot;classic&quot;}\">\n\t\t\t\t\t\t<div class=\"elementor-container elementor-column-gap-default\">\n\t\t\t\t\t<div class=\"elementor-column elementor-col-50 elementor-top-column elementor-element elementor-element-e3060ad\" data-id=\"e3060ad\" data-element_type=\"column\">\n\t\t\t<div class=\"elementor-widget-wrap elementor-element-populated\">\n\t\t\t\t\t\t\t\t<div class=\"elementor-element elementor-element-2be1aaa elementor-widget elementor-widget-image\" data-id=\"2be1aaa\" data-element_type=\"widget\" data-widget_type=\"image.default\">\n\t\t\t\t<div class=\"elementor-widget-container\">\n\t\t\t<style>\/*! elementor - v3.13.2 - 11-05-2023 *\/\n.elementor-widget-image{text-align:center}.elementor-widget-image a{display:inline-block}.elementor-widget-image a img[src$=\".svg\"]{width:48px}.elementor-widget-image img{vertical-align:middle;display:inline-block}<\/style>\t\t\t\t\t\t\t\t\t\t\t\t<img loading=\"lazy\" decoding=\"async\" width=\"1024\" height=\"1024\" src=\"https:\/\/preprod-fervex-ro.krealid.com\/ro\/wp-content\/uploads\/2021\/09\/head.svg\" class=\"attachment-large size-large wp-image-507\" alt=\"\" \/>\t\t\t\t\t\t\t\t\t\t\t\t\t\t\t<\/div>\n\t\t\t\t<\/div>\n\t\t\t\t<div class=\"elementor-element elementor-element-b21a63c elementor-widget elementor-widget-text-editor\" data-id=\"b21a63c\" data-element_type=\"widget\" data-widget_type=\"text-editor.default\">\n\t\t\t\t<div class=\"elementor-widget-container\">\n\t\t\t<style>\/*! elementor - v3.13.2 - 11-05-2023 *\/\n.elementor-widget-text-editor.elementor-drop-cap-view-stacked .elementor-drop-cap{background-color:#69727d;color:#fff}.elementor-widget-text-editor.elementor-drop-cap-view-framed .elementor-drop-cap{color:#69727d;border:3px solid;background-color:transparent}.elementor-widget-text-editor:not(.elementor-drop-cap-view-default) .elementor-drop-cap{margin-top:8px}.elementor-widget-text-editor:not(.elementor-drop-cap-view-default) .elementor-drop-cap-letter{width:1em;height:1em}.elementor-widget-text-editor .elementor-drop-cap{float:left;text-align:center;line-height:1;font-size:50px}.elementor-widget-text-editor .elementor-drop-cap-letter{display:inline-block}<\/style>\t\t\t\t1935\t\t\t\t\t\t<\/div>\n\t\t\t\t<\/div>\n\t\t\t\t<div class=\"elementor-element elementor-element-db43d38 elementor-widget elementor-widget-text-editor\" data-id=\"db43d38\" data-element_type=\"widget\" data-widget_type=\"text-editor.default\">\n\t\t\t\t<div class=\"elementor-widget-container\">\n\t\t\t\t\t\t\t<p>\u00eenfiin\u021barea UPSA<\/p>\t\t\t\t\t\t<\/div>\n\t\t\t\t<\/div>\n\t\t\t\t<div class=\"elementor-element elementor-element-a52a537 elementor-widget elementor-widget-text-editor\" data-id=\"a52a537\" data-element_type=\"widget\" data-widget_type=\"text-editor.default\">\n\t\t\t\t<div class=\"elementor-widget-container\">\n\t\t\t\t\t\t\t<p>UPSA a fost creat\u0103 \u00een Fran\u021ba de c\u0103tre Dr. Camille Bru \u00een 1935<\/p>\t\t\t\t\t\t<\/div>\n\t\t\t\t<\/div>\n\t\t\t\t\t<\/div>\n\t\t<\/div>\n\t\t\t\t<div class=\"elementor-column elementor-col-50 elementor-top-column elementor-element elementor-element-ffa0f2d\" data-id=\"ffa0f2d\" data-element_type=\"column\">\n\t\t\t<div class=\"elementor-widget-wrap elementor-element-populated\">\n\t\t\t\t\t\t\t\t<div class=\"elementor-element elementor-element-42e64ab elementor-widget elementor-widget-text-editor\" data-id=\"42e64ab\" data-element_type=\"widget\" data-widget_type=\"text-editor.default\">\n\t\t\t\t<div class=\"elementor-widget-container\">\n\t\t\t\t\t\t\t5\t\t\t\t\t\t<\/div>\n\t\t\t\t<\/div>\n\t\t\t\t<div class=\"elementor-element elementor-element-a770ecb elementor-widget elementor-widget-text-editor\" data-id=\"a770ecb\" data-element_type=\"widget\" data-widget_type=\"text-editor.default\">\n\t\t\t\t<div class=\"elementor-widget-container\">\n\t\t\t\t\t\t\t<p>Arii Terapeutice<\/p>\t\t\t\t\t\t<\/div>\n\t\t\t\t<\/div>\n\t\t\t\t<div class=\"elementor-element elementor-element-4c3b3cb elementor-hidden-mobile elementor-widget elementor-widget-text-editor\" data-id=\"4c3b3cb\" data-element_type=\"widget\" data-widget_type=\"text-editor.default\">\n\t\t\t\t<div class=\"elementor-widget-container\">\n\t\t\t\t\t\t\t<p>Suntem specializa\u021bi \u00een produse din diferite arii<br \/>terapeutice pentru \u00eentreaga familie.<\/p>\t\t\t\t\t\t<\/div>\n\t\t\t\t<\/div>\n\t\t\t\t<div class=\"elementor-element elementor-element-5b801e4 elementor-hidden-desktop elementor-hidden-tablet elementor-hidden-laptop elementor-hidden-tablet_extra elementor-widget elementor-widget-text-editor\" data-id=\"5b801e4\" data-element_type=\"widget\" data-widget_type=\"text-editor.default\">\n\t\t\t\t<div class=\"elementor-widget-container\">\n\t\t\t\t\t\t\t<p>Suntem specializa\u021bi in produse din diferite arii terapeutice pentru \u00eentreaga familie:<\/p>\t\t\t\t\t\t<\/div>\n\t\t\t\t<\/div>\n\t\t\t\t<div class=\"elementor-element elementor-element-58abae2 elementor-hidden-desktop elementor-hidden-tablet elementor-hidden-laptop elementor-hidden-tablet_extra elementor-widget elementor-widget-image\" data-id=\"58abae2\" data-element_type=\"widget\" data-widget_type=\"image.default\">\n\t\t\t\t<div class=\"elementor-widget-container\">\n\t\t\t\t\t\t\t\t\t\t\t\t\t\t\t<img loading=\"lazy\" decoding=\"async\" width=\"1024\" height=\"1024\" src=\"https:\/\/preprod-fervex-ro.krealid.com\/ro\/wp-content\/uploads\/2021\/10\/pastilles-mobiles.svg\" class=\"attachment-large size-large wp-image-1519\" alt=\"\" \/>\t\t\t\t\t\t\t\t\t\t\t\t\t\t\t<\/div>\n\t\t\t\t<\/div>\n\t\t\t\t<div class=\"elementor-element elementor-element-e4754da elementor-hidden-mobile elementor-widget elementor-widget-image\" data-id=\"e4754da\" data-element_type=\"widget\" data-widget_type=\"image.default\">\n\t\t\t\t<div class=\"elementor-widget-container\">\n\t\t\t\t\t\t\t\t\t\t\t\t\t\t\t<img loading=\"lazy\" decoding=\"async\" width=\"1024\" height=\"1024\" src=\"https:\/\/preprod-fervex-ro.krealid.com\/ro\/wp-content\/uploads\/2021\/10\/pastilles.svg\" class=\"attachment-large size-large wp-image-1520\" alt=\"\" \/>\t\t\t\t\t\t\t\t\t\t\t\t\t\t\t<\/div>\n\t\t\t\t<\/div>\n\t\t\t\t\t<\/div>\n\t\t<\/div>\n\t\t\t\t\t\t\t<\/div>\n\t\t<\/section>\n\t\t\t\t<section class=\"elementor-section elementor-top-section elementor-element elementor-element-ea26a36 elementor-section-full_width nomarginbottomelementor elementor-section-height-default elementor-section-height-default\" data-id=\"ea26a36\" data-element_type=\"section\" data-settings=\"{&quot;background_background&quot;:&quot;classic&quot;}\">\n\t\t\t\t\t\t<div class=\"elementor-container elementor-column-gap-default\">\n\t\t\t\t\t<div class=\"elementor-column elementor-col-50 elementor-top-column elementor-element elementor-element-fa19a3c\" data-id=\"fa19a3c\" data-element_type=\"column\">\n\t\t\t<div class=\"elementor-widget-wrap elementor-element-populated\">\n\t\t\t\t\t\t\t\t<div class=\"elementor-element elementor-element-ac64f71 elementor-widget elementor-widget-image\" data-id=\"ac64f71\" data-element_type=\"widget\" data-widget_type=\"image.default\">\n\t\t\t\t<div class=\"elementor-widget-container\">\n\t\t\t\t\t\t\t\t\t\t\t\t\t\t\t<img loading=\"lazy\" decoding=\"async\" width=\"244\" height=\"160\" src=\"https:\/\/preprod-fervex-ro.krealid.com\/ro\/wp-content\/uploads\/2021\/09\/coffee.png\" class=\"attachment-large size-large wp-image-963\" alt=\"\" \/>\t\t\t\t\t\t\t\t\t\t\t\t\t\t\t<\/div>\n\t\t\t\t<\/div>\n\t\t\t\t<div class=\"elementor-element elementor-element-fe6e7fd elementor-widget elementor-widget-text-editor\" data-id=\"fe6e7fd\" data-element_type=\"widget\" data-widget_type=\"text-editor.default\">\n\t\t\t\t<div class=\"elementor-widget-container\">\n\t\t\t\t\t\t\t1984\t\t\t\t\t\t<\/div>\n\t\t\t\t<\/div>\n\t\t\t\t<div class=\"elementor-element elementor-element-21897e4 elementor-widget elementor-widget-text-editor\" data-id=\"21897e4\" data-element_type=\"widget\" data-widget_type=\"text-editor.default\">\n\t\t\t\t<div class=\"elementor-widget-container\">\n\t\t\t\t\t\t\t<p>Fervex a fost lansat<\/p>\t\t\t\t\t\t<\/div>\n\t\t\t\t<\/div>\n\t\t\t\t<div class=\"elementor-element elementor-element-1afb8d8 elementor-widget elementor-widget-text-editor\" data-id=\"1afb8d8\" data-element_type=\"widget\" data-widget_type=\"text-editor.default\">\n\t\t\t\t<div class=\"elementor-widget-container\">\n\t\t\t\t\t\t\t<p>un pionier \u00een categoria de r\u0103ceal\u0103 \u0219i grip\u0103<\/p>\t\t\t\t\t\t<\/div>\n\t\t\t\t<\/div>\n\t\t\t\t\t<\/div>\n\t\t<\/div>\n\t\t\t\t<div class=\"elementor-column elementor-col-50 elementor-top-column elementor-element elementor-element-af68c90\" data-id=\"af68c90\" data-element_type=\"column\">\n\t\t\t<div class=\"elementor-widget-wrap elementor-element-populated\">\n\t\t\t\t\t\t\t\t<div class=\"elementor-element elementor-element-8abaa78 elementor-widget elementor-widget-image\" data-id=\"8abaa78\" data-element_type=\"widget\" data-widget_type=\"image.default\">\n\t\t\t\t<div class=\"elementor-widget-container\">\n\t\t\t\t\t\t\t\t\t\t\t\t\t\t\t<img loading=\"lazy\" decoding=\"async\" width=\"1024\" height=\"1024\" src=\"https:\/\/preprod-fervex-ro.krealid.com\/ro\/wp-content\/uploads\/2021\/09\/map.svg\" class=\"attachment-large size-large wp-image-508\" alt=\"\" \/>\t\t\t\t\t\t\t\t\t\t\t\t\t\t\t<\/div>\n\t\t\t\t<\/div>\n\t\t\t\t<div class=\"elementor-element elementor-element-c407c52 elementor-widget elementor-widget-text-editor\" data-id=\"c407c52\" data-element_type=\"widget\" data-widget_type=\"text-editor.default\">\n\t\t\t\t<div class=\"elementor-widget-container\">\n\t\t\t\t\t\t\tPeste 85 de ani dedica\u021bi produc\u021biei locale, cu <strong style=\"font-size: 1.22em;\">o singur\u0103 fabric\u0103<\/strong> \u00een Agen (Fran\u021ba) deservind <strong style=\"font-size: 1.22em;\">toate cele 60 de pie\u021be din lumea \u00eentreag\u0103<\/strong>\t\t\t\t\t\t<\/div>\n\t\t\t\t<\/div>\n\t\t\t\t\t<\/div>\n\t\t<\/div>\n\t\t\t\t\t\t\t<\/div>\n\t\t<\/section>\n\t\t\t\t<section class=\"elementor-section elementor-top-section elementor-element elementor-element-1f5c94c elementor-section-full_width nomarginbottomelementor elementor-section-height-default elementor-section-height-default\" data-id=\"1f5c94c\" data-element_type=\"section\">\n\t\t\t\t\t\t<div class=\"elementor-container elementor-column-gap-default\">\n\t\t\t\t\t<div class=\"elementor-column elementor-col-100 elementor-top-column elementor-element elementor-element-7024106\" data-id=\"7024106\" data-element_type=\"column\">\n\t\t\t<div class=\"elementor-widget-wrap elementor-element-populated\">\n\t\t\t\t\t\t\t\t<div class=\"elementor-element elementor-element-ceefa56 elementor-widget elementor-widget-image\" data-id=\"ceefa56\" data-element_type=\"widget\" data-widget_type=\"image.default\">\n\t\t\t\t<div class=\"elementor-widget-container\">\n\t\t\t\t\t\t\t\t\t\t\t\t\t\t\t<img loading=\"lazy\" decoding=\"async\" width=\"1024\" height=\"1024\" src=\"https:\/\/preprod-fervex-ro.krealid.com\/ro\/wp-content\/uploads\/2021\/09\/planet.svg\" class=\"attachment-large size-large wp-image-612\" alt=\"\" \/>\t\t\t\t\t\t\t\t\t\t\t\t\t\t\t<\/div>\n\t\t\t\t<\/div>\n\t\t\t\t<div class=\"elementor-element elementor-element-6249140 elementor-widget elementor-widget-text-editor\" data-id=\"6249140\" data-element_type=\"widget\" data-widget_type=\"text-editor.default\">\n\t\t\t\t<div class=\"elementor-widget-container\">\n\t\t\t\t\t\t\t<p>Suntem un pion \u00een propriul nostru<\/p>\t\t\t\t\t\t<\/div>\n\t\t\t\t<\/div>\n\t\t\t\t<div class=\"elementor-element elementor-element-2e8697c elementor-widget elementor-widget-text-editor\" data-id=\"2e8697c\" data-element_type=\"widget\" data-widget_type=\"text-editor.default\">\n\t\t\t\t<div class=\"elementor-widget-container\">\n\t\t\t\t\t\t\t<p>ecosistem<\/p>\t\t\t\t\t\t<\/div>\n\t\t\t\t<\/div>\n\t\t\t\t<div class=\"elementor-element elementor-element-81261ab elementor-widget elementor-widget-text-editor\" data-id=\"81261ab\" data-element_type=\"widget\" data-widget_type=\"text-editor.default\">\n\t\t\t\t<div class=\"elementor-widget-container\">\n\t\t\t\t\t\t\t<p>\u0219i suntem sus\u021bin\u0103torii unui model de business responsabil din punct de vedere social \u0219i al mediului.<\/p>\t\t\t\t\t\t<\/div>\n\t\t\t\t<\/div>\n\t\t\t\t\t<\/div>\n\t\t<\/div>\n\t\t\t\t\t\t\t<\/div>\n\t\t<\/section>\n\t\t\t\t<section class=\"elementor-section elementor-top-section elementor-element elementor-element-d05970f elementor-section-full_width nomarginbottomelementor elementor-section-height-default elementor-section-height-default\" data-id=\"d05970f\" data-element_type=\"section\">\n\t\t\t\t\t\t<div class=\"elementor-container elementor-column-gap-default\">\n\t\t\t\t\t<div class=\"elementor-column elementor-col-100 elementor-top-column elementor-element elementor-element-732ffef\" data-id=\"732ffef\" data-element_type=\"column\">\n\t\t\t<div class=\"elementor-widget-wrap elementor-element-populated\">\n\t\t\t\t\t\t\t\t<div class=\"elementor-element elementor-element-d7fd8ae elementor-widget elementor-widget-image\" data-id=\"d7fd8ae\" data-element_type=\"widget\" data-widget_type=\"image.default\">\n\t\t\t\t<div class=\"elementor-widget-container\">\n\t\t\t\t\t\t\t\t\t\t\t\t\t\t\t<img loading=\"lazy\" decoding=\"async\" width=\"1024\" height=\"1024\" src=\"https:\/\/preprod-fervex-ro.krealid.com\/ro\/wp-content\/uploads\/2021\/09\/heart.svg\" class=\"attachment-large size-large wp-image-613\" alt=\"\" \/>\t\t\t\t\t\t\t\t\t\t\t\t\t\t\t<\/div>\n\t\t\t\t<\/div>\n\t\t\t\t<div class=\"elementor-element elementor-element-0fca435 elementor-widget elementor-widget-text-editor\" data-id=\"0fca435\" data-element_type=\"widget\" data-widget_type=\"text-editor.default\">\n\t\t\t\t<div class=\"elementor-widget-container\">\n\t\t\t\t\t\t\t<p>UPSA pune oamenii<\/p>\t\t\t\t\t\t<\/div>\n\t\t\t\t<\/div>\n\t\t\t\t<div class=\"elementor-element elementor-element-f43c745 elementor-widget elementor-widget-text-editor\" data-id=\"f43c745\" data-element_type=\"widget\" data-widget_type=\"text-editor.default\">\n\t\t\t\t<div class=\"elementor-widget-container\">\n\t\t\t\t\t\t\t<p>\u00een mijlocul \u0219i \u00een sufletul<\/p>\t\t\t\t\t\t<\/div>\n\t\t\t\t<\/div>\n\t\t\t\t<div class=\"elementor-element elementor-element-ad0e42a elementor-widget elementor-widget-text-editor\" data-id=\"ad0e42a\" data-element_type=\"widget\" data-widget_type=\"text-editor.default\">\n\t\t\t\t<div class=\"elementor-widget-container\">\n\t\t\t\t\t\t\t<p>ac\u021biunilor pentru a merge \u00eempreun\u0103 prin via\u021b\u0103: acesta este scopul nostru<\/p>\t\t\t\t\t\t<\/div>\n\t\t\t\t<\/div>\n\t\t\t\t\t<\/div>\n\t\t<\/div>\n\t\t\t\t\t\t\t<\/div>\n\t\t<\/section>\n\t\t\t\t<section class=\"elementor-section elementor-top-section elementor-element elementor-element-5053fe2 elementor-section-full_width elementor-section-height-default elementor-section-height-default\" data-id=\"5053fe2\" data-element_type=\"section\">\n\t\t\t\t\t\t<div class=\"elementor-container elementor-column-gap-default\">\n\t\t\t\t\t<div class=\"elementor-column elementor-col-100 elementor-top-column elementor-element elementor-element-49a12b5\" data-id=\"49a12b5\" data-element_type=\"column\">\n\t\t\t<div class=\"elementor-widget-wrap elementor-element-populated\">\n\t\t\t\t\t\t\t\t<div class=\"elementor-element elementor-element-d2df66d elementor-widget elementor-widget-video\" data-id=\"d2df66d\" data-element_type=\"widget\" data-settings=\"{&quot;video_type&quot;:&quot;hosted&quot;,&quot;controls&quot;:&quot;yes&quot;}\" data-widget_type=\"video.default\">\n\t\t\t\t<div class=\"elementor-widget-container\">\n\t\t\t<style>\/*! elementor - v3.13.2 - 11-05-2023 *\/\n.elementor-widget-video .elementor-widget-container{overflow:hidden;transform:translateZ(0)}.elementor-widget-video .elementor-wrapper{aspect-ratio:var(--video-aspect-ratio)}.elementor-widget-video .elementor-wrapper iframe,.elementor-widget-video .elementor-wrapper video{height:100%;width:100%;display:flex;border:none;background-color:#000}@supports not (aspect-ratio:1\/1){.elementor-widget-video .elementor-wrapper{position:relative;overflow:hidden;height:0;padding-bottom:calc(100% \/ var(--video-aspect-ratio))}.elementor-widget-video .elementor-wrapper iframe,.elementor-widget-video .elementor-wrapper video{position:absolute;top:0;right:0;bottom:0;left:0}}.elementor-widget-video .elementor-open-inline .elementor-custom-embed-image-overlay{position:absolute;top:0;left:0;width:100%;height:100%;background-size:cover;background-position:50%}.elementor-widget-video .elementor-custom-embed-image-overlay{cursor:pointer;text-align:center}.elementor-widget-video .elementor-custom-embed-image-overlay:hover .elementor-custom-embed-play i{opacity:1}.elementor-widget-video .elementor-custom-embed-image-overlay img{display:block;width:100%}.elementor-widget-video .e-hosted-video .elementor-video{-o-object-fit:cover;object-fit:cover}.e-con-inner>.elementor-widget-video,.e-con>.elementor-widget-video{width:var(--container-widget-width);--flex-grow:var(--container-widget-flex-grow)}<\/style>\t\t<div class=\"e-hosted-video elementor-wrapper elementor-open-inline\">\n\t\t\t\t\t<video class=\"elementor-video\" src=\"https:\/\/preprod-fervex-ro.krealid.com\/ro\/wp-content\/uploads\/2022\/02\/UPSA-Film-SubRO.mp4\" controls=\"\" preload=\"metadata\" controlsList=\"nodownload\"><\/video>\n\t\t\t\t<\/div>\n\t\t\t\t<\/div>\n\t\t\t\t<\/div>\n\t\t\t\t\t<\/div>\n\t\t<\/div>\n\t\t\t\t\t\t\t<\/div>\n\t\t<\/section>\n\t\t\t\t\t\t\t<\/div>\n\t\t","protected":false},"excerpt":{"rendered":"<p>1935 \u00eenfiin\u021barea UPSA UPSA a fost creat\u0103 \u00een Fran\u021ba de c\u0103tre Dr. Camille Bru \u00een 1935 5 Arii Terapeutice Suntem specializa\u021bi \u00een produse din diferite ariiterapeutice pentru \u00eentreaga familie. Suntem specializa\u021bi in produse din diferite arii terapeutice pentru \u00eentreaga familie: 1984 Fervex a fost lansat un pionier \u00een categoria de r\u0103ceal\u0103 \u0219i grip\u0103 Peste 85 [&hellip;]<\/p>\n","protected":false},"author":1,"featured_media":0,"parent":0,"menu_order":0,"comment_status":"closed","ping_status":"closed","template":"templates\/who-we-are.php","meta":{"inline_featured_image":false,"footnotes":""},"class_list":["post-504","page","type-page","status-publish","hentry"],"acf":[],"yoast_head":"<!-- This site is optimized with the Yoast SEO plugin v20.7 - https:\/\/yoast.com\/wordpress\/plugins\/seo\/ -->\n<title>Cine suntem - UPSA Fervex<\/title>\n<meta name=\"description\" content=\"UPSA a fost creat\u0103 \u00een Fran\u021ba de c\u0103tre Dr. Camille Bru \u00een 1935. Suntem specializa\u021bi \u00een produse din diferite arii terapeutice pentru \u00eentreaga familie: R\u0103ceal\u0103 \u0219i Grip\u0103, Durere \u0219i Febr\u0103, Tulbur\u0103ri de somn, Digestie, S\u0103n\u0103tate \u0219i Stare de bine.\" \/>\n<meta name=\"robots\" content=\"index, follow, max-snippet:-1, max-image-preview:large, max-video-preview:-1\" \/>\n<link rel=\"canonical\" href=\"https:\/\/preprod-fervex-ro.krealid.com\/ro\/cine-suntem\/\" \/>\n<meta property=\"og:locale\" content=\"ro_RO\" \/>\n<meta property=\"og:type\" content=\"article\" \/>\n<meta property=\"og:title\" content=\"Cine suntem - UPSA Fervex\" \/>\n<meta property=\"og:description\" content=\"UPSA a fost creat\u0103 \u00een Fran\u021ba de c\u0103tre Dr. Camille Bru \u00een 1935. Suntem specializa\u021bi \u00een produse din diferite arii terapeutice pentru \u00eentreaga familie: R\u0103ceal\u0103 \u0219i Grip\u0103, Durere \u0219i Febr\u0103, Tulbur\u0103ri de somn, Digestie, S\u0103n\u0103tate \u0219i Stare de bine.\" \/>\n<meta property=\"og:url\" content=\"https:\/\/preprod-fervex-ro.krealid.com\/ro\/cine-suntem\/\" \/>\n<meta property=\"og:site_name\" content=\"UPSA Fervex\" \/>\n<meta property=\"article:modified_time\" content=\"2022-02-28T09:02:23+00:00\" \/>\n<meta property=\"og:image\" content=\"https:\/\/preprod-fervex-ro.krealid.com\/ro\/wp-content\/uploads\/2021\/09\/head.svg\" \/>\n<meta name=\"twitter:card\" content=\"summary_large_image\" \/>\n<meta name=\"twitter:label1\" content=\"Timp estimat pentru citire\" \/>\n\t<meta name=\"twitter:data1\" content=\"2 minute\" \/>\n<!-- \/ Yoast SEO plugin. -->","yoast_head_json":{"title":"Cine suntem - UPSA Fervex","description":"UPSA a fost creat\u0103 \u00een Fran\u021ba de c\u0103tre Dr. Camille Bru \u00een 1935. Suntem specializa\u021bi \u00een produse din diferite arii terapeutice pentru \u00eentreaga familie: R\u0103ceal\u0103 \u0219i Grip\u0103, Durere \u0219i Febr\u0103, Tulbur\u0103ri de somn, Digestie, S\u0103n\u0103tate \u0219i Stare de bine.","robots":{"index":"index","follow":"follow","max-snippet":"max-snippet:-1","max-image-preview":"max-image-preview:large","max-video-preview":"max-video-preview:-1"},"canonical":"https:\/\/preprod-fervex-ro.krealid.com\/ro\/cine-suntem\/","og_locale":"ro_RO","og_type":"article","og_title":"Cine suntem - UPSA Fervex","og_description":"UPSA a fost creat\u0103 \u00een Fran\u021ba de c\u0103tre Dr. Camille Bru \u00een 1935. Suntem specializa\u021bi \u00een produse din diferite arii terapeutice pentru \u00eentreaga familie: R\u0103ceal\u0103 \u0219i Grip\u0103, Durere \u0219i Febr\u0103, Tulbur\u0103ri de somn, Digestie, S\u0103n\u0103tate \u0219i Stare de bine.","og_url":"https:\/\/preprod-fervex-ro.krealid.com\/ro\/cine-suntem\/","og_site_name":"UPSA Fervex","article_modified_time":"2022-02-28T09:02:23+00:00","og_image":[{"url":"https:\/\/preprod-fervex-ro.krealid.com\/ro\/wp-content\/uploads\/2021\/09\/head.svg"}],"twitter_card":"summary_large_image","twitter_misc":{"Timp estimat pentru citire":"2 minute"},"schema":{"@context":"https:\/\/schema.org","@graph":[{"@type":"WebPage","@id":"https:\/\/preprod-fervex-ro.krealid.com\/ro\/cine-suntem\/","url":"https:\/\/preprod-fervex-ro.krealid.com\/ro\/cine-suntem\/","name":"Cine suntem - UPSA Fervex","isPartOf":{"@id":"https:\/\/preprod-fervex-ro.krealid.com\/ro\/#website"},"datePublished":"2021-09-24T07:26:33+00:00","dateModified":"2022-02-28T09:02:23+00:00","description":"UPSA a fost creat\u0103 \u00een Fran\u021ba de c\u0103tre Dr. Camille Bru \u00een 1935. Suntem specializa\u021bi \u00een produse din diferite arii terapeutice pentru \u00eentreaga familie: R\u0103ceal\u0103 \u0219i Grip\u0103, Durere \u0219i Febr\u0103, Tulbur\u0103ri de somn, Digestie, S\u0103n\u0103tate \u0219i Stare de bine.","breadcrumb":{"@id":"https:\/\/preprod-fervex-ro.krealid.com\/ro\/cine-suntem\/#breadcrumb"},"inLanguage":"ro-RO","potentialAction":[{"@type":"ReadAction","target":["https:\/\/preprod-fervex-ro.krealid.com\/ro\/cine-suntem\/"]}]},{"@type":"BreadcrumbList","@id":"https:\/\/preprod-fervex-ro.krealid.com\/ro\/cine-suntem\/#breadcrumb","itemListElement":[{"@type":"ListItem","position":1,"name":"Accueil","item":"https:\/\/preprod-fervex-ro.krealid.com\/ro\/"},{"@type":"ListItem","position":2,"name":"Cine suntem"}]},{"@type":"WebSite","@id":"https:\/\/preprod-fervex-ro.krealid.com\/ro\/#website","url":"https:\/\/preprod-fervex-ro.krealid.com\/ro\/","name":"UPSA Fervex","description":"","publisher":{"@id":"https:\/\/preprod-fervex-ro.krealid.com\/ro\/#organization"},"potentialAction":[{"@type":"SearchAction","target":{"@type":"EntryPoint","urlTemplate":"https:\/\/preprod-fervex-ro.krealid.com\/ro\/?s={search_term_string}"},"query-input":"required name=search_term_string"}],"inLanguage":"ro-RO"},{"@type":"Organization","@id":"https:\/\/preprod-fervex-ro.krealid.com\/ro\/#organization","name":"UPSA","url":"https:\/\/preprod-fervex-ro.krealid.com\/ro\/","logo":{"@type":"ImageObject","inLanguage":"ro-RO","@id":"https:\/\/preprod-fervex-ro.krealid.com\/ro\/#\/schema\/logo\/image\/","url":"https:\/\/preprod-fervex-ro.krealid.com\/ro\/wp-content\/uploads\/2021\/10\/logo.png","contentUrl":"https:\/\/preprod-fervex-ro.krealid.com\/ro\/wp-content\/uploads\/2021\/10\/logo.png","width":153,"height":53,"caption":"UPSA"},"image":{"@id":"https:\/\/preprod-fervex-ro.krealid.com\/ro\/#\/schema\/logo\/image\/"}}]}},"_links":{"self":[{"href":"https:\/\/preprod-fervex-ro.krealid.com\/ro\/wp-json\/wp\/v2\/pages\/504","targetHints":{"allow":["GET"]}}],"collection":[{"href":"https:\/\/preprod-fervex-ro.krealid.com\/ro\/wp-json\/wp\/v2\/pages"}],"about":[{"href":"https:\/\/preprod-fervex-ro.krealid.com\/ro\/wp-json\/wp\/v2\/types\/page"}],"author":[{"embeddable":true,"href":"https:\/\/preprod-fervex-ro.krealid.com\/ro\/wp-json\/wp\/v2\/users\/1"}],"replies":[{"embeddable":true,"href":"https:\/\/preprod-fervex-ro.krealid.com\/ro\/wp-json\/wp\/v2\/comments?post=504"}],"version-history":[{"count":264,"href":"https:\/\/preprod-fervex-ro.krealid.com\/ro\/wp-json\/wp\/v2\/pages\/504\/revisions"}],"predecessor-version":[{"id":1749,"href":"https:\/\/preprod-fervex-ro.krealid.com\/ro\/wp-json\/wp\/v2\/pages\/504\/revisions\/1749"}],"wp:attachment":[{"href":"https:\/\/preprod-fervex-ro.krealid.com\/ro\/wp-json\/wp\/v2\/media?parent=504"}],"curies":[{"name":"wp","href":"https:\/\/api.w.org\/{rel}","templated":true}]}}